{"id":85,"date":"2020-05-11T07:38:59","date_gmt":"2020-05-11T07:38:59","guid":{"rendered":"https:\/\/exelar.ro_el\/?page_id=3"},"modified":"2025-03-18T09:02:26","modified_gmt":"2025-03-18T09:02:26","slug":"politica-confidentialitate","status":"publish","type":"page","link":"https:\/\/exelar.ro\/index.php\/politica-confidentialitate\/","title":{"rendered":"Politic\u0103 de confiden\u021bialitate"},"content":{"rendered":"\n<h4 class=\"wp-block-heading\">Website-ul www.exelar.ro \u0219i serviciile oferite prin intermediul acestuia sunt operate de firma SC EXELAR CONSTRUCTION SRL<\/h4>\n\n\n\n<p><br>Te inform\u0103m c\u0103 datele de contact pe care ni le furnizezi sunt considerate \u201edate cu caracter personal\u201d \u00een conformitate cu prevederile Legii nr. 677\/2001 din Rom\u00e2nia.<\/p>\n\n\n\n<p><br>\u00cen baza Legii nr. 677\/2001 pentru protec\u021bia persoanelor \u00een ceea ce prive\u0219te prelucrarea datelor cu caracter personal \u0219i libera circula\u021bie a acestor date, ai urm\u0103toarele drepturi:<\/p>\n\n\n\n<p><br>(i) Dreptul la informare: dreptul de a fi informat despre identitatea operatorului de date personale, scopul prelucr\u0103rii datelor, destinatarii sau categoriile de destinatari ai datelor, existen\u021ba drepturilor prev\u0103zute de Legea nr. 677\/2001 pentru persoana vizat\u0103 \u0219i condi\u021biile \u00een care acestea pot fi exercitate;<br>(ii) Dreptul de acces la date: dreptul de a ob\u021bine de la operator, la cerere \u0219i gratuit pentru o solicitare anual\u0103, confirmarea faptului c\u0103 datele tale sunt sau nu prelucrate de acesta.<br>(iii) Dreptul de interven\u021bie: dreptul de a ob\u021bine, la cerere \u0219i gratuit, rectificarea, actualizarea, blocarea, \u0219tergerea sau transformarea \u00een date anonime a datelor a c\u0103ror prelucrare nu este conform\u0103 legii, \u00een special a datelor incomplete sau inexacte;<\/p>\n\n\n\n<p><\/p>\n\n\n\n<h2 class=\"wp-block-heading\">Dezv\u0103luirea c\u0103tre ter\u021bi<\/h2>\n\n\n\n<p><br>Nu vindem, nu negociem \u0219i nu transfer\u0103m c\u0103tre ter\u021bi informa\u021biile tale personale identificabile. Aceasta nu include ter\u021bi de \u00eencredere care ne ajut\u0103 \u00een operarea site-ului nostru sau \u00een desf\u0103\u0219urarea afacerii, cu condi\u021bia ca ace\u0219tia s\u0103 fie de acord s\u0103 p\u0103streze confiden\u021bialitatea acestor informa\u021bii.<br>Credem c\u0103 este necesar s\u0103 schimb\u0103m informa\u021bii pentru a investiga, preveni sau a lua m\u0103suri \u00een leg\u0103tur\u0103 cu activit\u0103\u021bi ilegale, suspiciuni de fraud\u0103, situa\u021bii care implic\u0103 poten\u021biale amenin\u021b\u0103ri la siguran\u021ba fizic\u0103 a oric\u0103rei persoane, \u00eenc\u0103lc\u0103ri ale termenilor de utilizare sau alte cazuri cerute de lege.<\/p>\n\n\n\n<h2 class=\"wp-block-heading\">Protec\u021bia informa\u021biilor<\/h2>\n\n\n\n<p><br>Implement\u0103m diverse m\u0103suri de securitate pentru a asigura protec\u021bia informa\u021biilor tale personale. Numai angaja\u021bii care au nevoie s\u0103 \u00eendeplineasc\u0103 un anumit task (de exemplu, facturare sau contactarea \u00een vederea stabilirii unei oferte personalizate) au acces la informa\u021biile personale de identificare.<br>Calculatoarele\/serverele folosite pentru a stoca informa\u021biile personale de identificare sunt p\u0103strate \u00eentr-un mediu sigur.<\/p>\n\n\n\n<h2 class=\"wp-block-heading\">Utiliz\u0103m cookie-uri?<\/h2>\n\n\n\n<p><br>Da. Cookie-urile \u00eembun\u0103t\u0103\u021besc accesul la site-ul nostru \u0219i identific\u0103 vizitele repetate. De asemenea, cookie-urile noastre \u00eembun\u0103t\u0103\u021besc experien\u021ba utilizatorului urm\u0103rind \u0219i direc\u021bion\u00e2ndu-l \u00een func\u021bie de interesele sale.<br>Utilizarea de cookie-uri nu este \u00een niciun fel legat\u0103 de orice informa\u021bie personal\u0103 de identificare de pe site-ul nostru.<\/p>\n","protected":false},"excerpt":{"rendered":"<p>Website-ul www.exelar.ro \u0219i serviciile oferite prin intermediul acestuia sunt operate de firma SC EXELAR CONSTRUCTION SRL Te inform\u0103m c\u0103 datele de contact pe care ni le<span class=\"excerpt-hellip\"> [\u2026]<\/span><\/p>\n","protected":false},"author":1,"featured_media":0,"parent":0,"menu_order":0,"comment_status":"open","ping_status":"closed","template":"","meta":{"footnotes":""},"class_list":["post-85","page","type-page","status-publish","hentry"],"yoast_head":"<!-- This site is optimized with the Yoast SEO plugin v24.7 - https:\/\/yoast.com\/wordpress\/plugins\/seo\/ -->\n<title>Politic\u0103 de confiden\u021bialitate - Exelar Residence<\/title>\n<meta name=\"robots\" content=\"index, follow, max-snippet:-1, max-image-preview:large, max-video-preview:-1\" \/>\n<link rel=\"canonical\" href=\"https:\/\/exelar.ro\/index.php\/politica-confidentialitate\/\" \/>\n<meta property=\"og:locale\" content=\"en_US\" \/>\n<meta property=\"og:type\" content=\"article\" \/>\n<meta property=\"og:title\" content=\"Politic\u0103 de confiden\u021bialitate - Exelar Residence\" \/>\n<meta property=\"og:description\" content=\"Website-ul www.exelar.ro \u0219i serviciile oferite prin intermediul acestuia sunt operate de firma SC EXELAR CONSTRUCTION SRL Te inform\u0103m c\u0103 datele de contact pe care ni le [\u2026]\" \/>\n<meta property=\"og:url\" content=\"https:\/\/exelar.ro\/index.php\/politica-confidentialitate\/\" \/>\n<meta property=\"og:site_name\" content=\"Exelar Residence\" \/>\n<meta property=\"article:publisher\" content=\"https:\/\/www.facebook.com\/profile.php?id=61570671450939\" \/>\n<meta property=\"article:modified_time\" content=\"2025-03-18T09:02:26+00:00\" \/>\n<meta name=\"twitter:card\" content=\"summary_large_image\" \/>\n<meta name=\"twitter:label1\" content=\"Est. reading time\" \/>\n\t<meta name=\"twitter:data1\" content=\"2 minutes\" \/>\n<script type=\"application\/ld+json\" class=\"yoast-schema-graph\">{\"@context\":\"https:\/\/schema.org\",\"@graph\":[{\"@type\":\"WebPage\",\"@id\":\"https:\/\/exelar.ro\/index.php\/politica-confidentialitate\/\",\"url\":\"https:\/\/exelar.ro\/index.php\/politica-confidentialitate\/\",\"name\":\"Politic\u0103 de confiden\u021bialitate - Exelar Residence\",\"isPartOf\":{\"@id\":\"https:\/\/exelar.ro\/#website\"},\"datePublished\":\"2020-05-11T07:38:59+00:00\",\"dateModified\":\"2025-03-18T09:02:26+00:00\",\"breadcrumb\":{\"@id\":\"https:\/\/exelar.ro\/index.php\/politica-confidentialitate\/#breadcrumb\"},\"inLanguage\":\"en-US\",\"potentialAction\":[{\"@type\":\"ReadAction\",\"target\":[\"https:\/\/exelar.ro\/index.php\/politica-confidentialitate\/\"]}]},{\"@type\":\"BreadcrumbList\",\"@id\":\"https:\/\/exelar.ro\/index.php\/politica-confidentialitate\/#breadcrumb\",\"itemListElement\":[{\"@type\":\"ListItem\",\"position\":1,\"name\":\"Home\",\"item\":\"https:\/\/exelar.ro\/\"},{\"@type\":\"ListItem\",\"position\":2,\"name\":\"Politic\u0103 de confiden\u021bialitate\"}]},{\"@type\":\"WebSite\",\"@id\":\"https:\/\/exelar.ro\/#website\",\"url\":\"https:\/\/exelar.ro\/\",\"name\":\"Exelar Residence\",\"description\":\"Complex Reziden\u021bial Modern | Ploie\u0219ti\",\"publisher\":{\"@id\":\"https:\/\/exelar.ro\/#organization\"},\"potentialAction\":[{\"@type\":\"SearchAction\",\"target\":{\"@type\":\"EntryPoint\",\"urlTemplate\":\"https:\/\/exelar.ro\/?s={search_term_string}\"},\"query-input\":{\"@type\":\"PropertyValueSpecification\",\"valueRequired\":true,\"valueName\":\"search_term_string\"}}],\"inLanguage\":\"en-US\"},{\"@type\":\"Organization\",\"@id\":\"https:\/\/exelar.ro\/#organization\",\"name\":\"Exelar Residence\",\"url\":\"https:\/\/exelar.ro\/\",\"logo\":{\"@type\":\"ImageObject\",\"inLanguage\":\"en-US\",\"@id\":\"https:\/\/exelar.ro\/#\/schema\/logo\/image\/\",\"url\":\"https:\/\/exelar.ro\/wp-content\/uploads\/2025\/02\/cropped-retina-700x400-alb-.png\",\"contentUrl\":\"https:\/\/exelar.ro\/wp-content\/uploads\/2025\/02\/cropped-retina-700x400-alb-.png\",\"width\":700,\"height\":400,\"caption\":\"Exelar Residence\"},\"image\":{\"@id\":\"https:\/\/exelar.ro\/#\/schema\/logo\/image\/\"},\"sameAs\":[\"https:\/\/www.facebook.com\/profile.php?id=61570671450939\",\"https:\/\/www.instagram.com\/exelar.residence\/\"]}]}<\/script>\n<!-- \/ Yoast SEO plugin. -->","yoast_head_json":{"title":"Politic\u0103 de confiden\u021bialitate - Exelar Residence","robots":{"index":"index","follow":"follow","max-snippet":"max-snippet:-1","max-image-preview":"max-image-preview:large","max-video-preview":"max-video-preview:-1"},"canonical":"https:\/\/exelar.ro\/index.php\/politica-confidentialitate\/","og_locale":"en_US","og_type":"article","og_title":"Politic\u0103 de confiden\u021bialitate - Exelar Residence","og_description":"Website-ul www.exelar.ro \u0219i serviciile oferite prin intermediul acestuia sunt operate de firma SC EXELAR CONSTRUCTION SRL Te inform\u0103m c\u0103 datele de contact pe care ni le [\u2026]","og_url":"https:\/\/exelar.ro\/index.php\/politica-confidentialitate\/","og_site_name":"Exelar Residence","article_publisher":"https:\/\/www.facebook.com\/profile.php?id=61570671450939","article_modified_time":"2025-03-18T09:02:26+00:00","twitter_card":"summary_large_image","twitter_misc":{"Est. reading time":"2 minutes"},"schema":{"@context":"https:\/\/schema.org","@graph":[{"@type":"WebPage","@id":"https:\/\/exelar.ro\/index.php\/politica-confidentialitate\/","url":"https:\/\/exelar.ro\/index.php\/politica-confidentialitate\/","name":"Politic\u0103 de confiden\u021bialitate - Exelar Residence","isPartOf":{"@id":"https:\/\/exelar.ro\/#website"},"datePublished":"2020-05-11T07:38:59+00:00","dateModified":"2025-03-18T09:02:26+00:00","breadcrumb":{"@id":"https:\/\/exelar.ro\/index.php\/politica-confidentialitate\/#breadcrumb"},"inLanguage":"en-US","potentialAction":[{"@type":"ReadAction","target":["https:\/\/exelar.ro\/index.php\/politica-confidentialitate\/"]}]},{"@type":"BreadcrumbList","@id":"https:\/\/exelar.ro\/index.php\/politica-confidentialitate\/#breadcrumb","itemListElement":[{"@type":"ListItem","position":1,"name":"Home","item":"https:\/\/exelar.ro\/"},{"@type":"ListItem","position":2,"name":"Politic\u0103 de confiden\u021bialitate"}]},{"@type":"WebSite","@id":"https:\/\/exelar.ro\/#website","url":"https:\/\/exelar.ro\/","name":"Exelar Residence","description":"Complex Reziden\u021bial Modern | Ploie\u0219ti","publisher":{"@id":"https:\/\/exelar.ro\/#organization"},"potentialAction":[{"@type":"SearchAction","target":{"@type":"EntryPoint","urlTemplate":"https:\/\/exelar.ro\/?s={search_term_string}"},"query-input":{"@type":"PropertyValueSpecification","valueRequired":true,"valueName":"search_term_string"}}],"inLanguage":"en-US"},{"@type":"Organization","@id":"https:\/\/exelar.ro\/#organization","name":"Exelar Residence","url":"https:\/\/exelar.ro\/","logo":{"@type":"ImageObject","inLanguage":"en-US","@id":"https:\/\/exelar.ro\/#\/schema\/logo\/image\/","url":"https:\/\/exelar.ro\/wp-content\/uploads\/2025\/02\/cropped-retina-700x400-alb-.png","contentUrl":"https:\/\/exelar.ro\/wp-content\/uploads\/2025\/02\/cropped-retina-700x400-alb-.png","width":700,"height":400,"caption":"Exelar Residence"},"image":{"@id":"https:\/\/exelar.ro\/#\/schema\/logo\/image\/"},"sameAs":["https:\/\/www.facebook.com\/profile.php?id=61570671450939","https:\/\/www.instagram.com\/exelar.residence\/"]}]}},"_links":{"self":[{"href":"https:\/\/exelar.ro\/index.php\/wp-json\/wp\/v2\/pages\/85","targetHints":{"allow":["GET"]}}],"collection":[{"href":"https:\/\/exelar.ro\/index.php\/wp-json\/wp\/v2\/pages"}],"about":[{"href":"https:\/\/exelar.ro\/index.php\/wp-json\/wp\/v2\/types\/page"}],"author":[{"embeddable":true,"href":"https:\/\/exelar.ro\/index.php\/wp-json\/wp\/v2\/users\/1"}],"replies":[{"embeddable":true,"href":"https:\/\/exelar.ro\/index.php\/wp-json\/wp\/v2\/comments?post=85"}],"version-history":[{"count":0,"href":"https:\/\/exelar.ro\/index.php\/wp-json\/wp\/v2\/pages\/85\/revisions"}],"wp:attachment":[{"href":"https:\/\/exelar.ro\/index.php\/wp-json\/wp\/v2\/media?parent=85"}],"curies":[{"name":"wp","href":"https:\/\/api.w.org\/{rel}","templated":true}]}}